{"id":6111,"date":"2019-03-14T10:07:56","date_gmt":"2019-03-14T10:07:56","guid":{"rendered":"https:\/\/mdl.lu\/cms\/?page_id=6111"},"modified":"2025-03-06T12:53:47","modified_gmt":"2025-03-06T12:53:47","slug":"reamenagement-du-centre-de-la-localite-lamadelaine","status":"publish","type":"page","link":"https:\/\/mdl.lu\/cms\/fr\/reamenagement-du-centre-de-la-localite-lamadelaine\/","title":{"rendered":"R\u00e9am\u00e9nagement du centre de la localit\u00e9, Lamadelaine"},"content":{"rendered":"\n\n\n\n<\/p>\n<\/p>\n","protected":false},"excerpt":{"rendered":"","protected":false},"author":1,"featured_media":0,"parent":0,"menu_order":0,"comment_status":"closed","ping_status":"closed","template":"","meta":{"footnotes":""},"class_list":["post-6111","page","type-page","status-publish","hentry"],"_links":{"self":[{"href":"https:\/\/mdl.lu\/cms\/wp-json\/wp\/v2\/pages\/6111","targetHints":{"allow":["GET"]}}],"collection":[{"href":"https:\/\/mdl.lu\/cms\/wp-json\/wp\/v2\/pages"}],"about":[{"href":"https:\/\/mdl.lu\/cms\/wp-json\/wp\/v2\/types\/page"}],"author":[{"embeddable":true,"href":"https:\/\/mdl.lu\/cms\/wp-json\/wp\/v2\/users\/1"}],"replies":[{"embeddable":true,"href":"https:\/\/mdl.lu\/cms\/wp-json\/wp\/v2\/comments?post=6111"}],"version-history":[{"count":5,"href":"https:\/\/mdl.lu\/cms\/wp-json\/wp\/v2\/pages\/6111\/revisions"}],"predecessor-version":[{"id":7943,"href":"https:\/\/mdl.lu\/cms\/wp-json\/wp\/v2\/pages\/6111\/revisions\/7943"}],"wp:attachment":[{"href":"https:\/\/mdl.lu\/cms\/wp-json\/wp\/v2\/media?parent=6111"}],"curies":[{"name":"wp","href":"https:\/\/api.w.org\/{rel}","templated":true}]}}