{"id":6179,"date":"2019-03-14T13:01:15","date_gmt":"2019-03-14T13:01:15","guid":{"rendered":"https:\/\/mdl.lu\/cms\/?page_id=6179"},"modified":"2021-10-08T09:10:32","modified_gmt":"2021-10-08T09:10:32","slug":"cour-de-recreation-renovee-a-lecole-neiwiss-rodange","status":"publish","type":"page","link":"https:\/\/mdl.lu\/cms\/fr\/cour-de-recreation-renovee-a-lecole-neiwiss-rodange\/","title":{"rendered":"Cour de r\u00e9cr\u00e9ation r\u00e9nov\u00e9e \u00e0 l\u2019\u00e9cole \u2018Neiwiss\u2019, Rodange"},"content":{"rendered":"\n\n\n\n\n\n\n\n","protected":false},"excerpt":{"rendered":"","protected":false},"author":1,"featured_media":0,"parent":0,"menu_order":0,"comment_status":"closed","ping_status":"closed","template":"","meta":{"footnotes":""},"class_list":["post-6179","page","type-page","status-publish","hentry"],"_links":{"self":[{"href":"https:\/\/mdl.lu\/cms\/wp-json\/wp\/v2\/pages\/6179","targetHints":{"allow":["GET"]}}],"collection":[{"href":"https:\/\/mdl.lu\/cms\/wp-json\/wp\/v2\/pages"}],"about":[{"href":"https:\/\/mdl.lu\/cms\/wp-json\/wp\/v2\/types\/page"}],"author":[{"embeddable":true,"href":"https:\/\/mdl.lu\/cms\/wp-json\/wp\/v2\/users\/1"}],"replies":[{"embeddable":true,"href":"https:\/\/mdl.lu\/cms\/wp-json\/wp\/v2\/comments?post=6179"}],"version-history":[{"count":3,"href":"https:\/\/mdl.lu\/cms\/wp-json\/wp\/v2\/pages\/6179\/revisions"}],"predecessor-version":[{"id":7026,"href":"https:\/\/mdl.lu\/cms\/wp-json\/wp\/v2\/pages\/6179\/revisions\/7026"}],"wp:attachment":[{"href":"https:\/\/mdl.lu\/cms\/wp-json\/wp\/v2\/media?parent=6179"}],"curies":[{"name":"wp","href":"https:\/\/api.w.org\/{rel}","templated":true}]}}